{"id":510,"date":"2019-07-15T21:21:59","date_gmt":"2019-07-15T21:21:59","guid":{"rendered":"https:\/\/antoniushof-lorbach.de\/?page_id=510"},"modified":"2022-10-24T16:26:54","modified_gmt":"2022-10-24T16:26:54","slug":"ausbildung-jobs","status":"publish","type":"page","link":"https:\/\/antoniushof-lorbach.de\/?page_id=510","title":{"rendered":"Arbeit auf dem Hof"},"content":{"rendered":"<p><!-- epsilon\/about --><\/p>\n<h2><b>Arbeiten auf dem Antoniushof<\/b><\/h2>\n<h4><b>Ein typischer Arbeitstag<\/b><\/h4>\n<p><\/br><\/p>\n<h5>\n<b>4:30 Uhr<\/b><br \/>\nSchon in der Fr\u00fch gehen bei uns die Lichter an. Der Tag beginnt und unsere K\u00fche wollen gemolken werden! Wir beginnen damit, das Melkkarussell vorzubereiten und zu kontrollieren, ob es allen K\u00fchen gut geht. Vielleicht haben wir ja sogar Nachwuchs bekommen?<br \/>\n<\/br><br \/>\n<b>5:00 Uhr<\/b><br \/>\nGleich darauf betritt dann bereits die erste Kuh das Karussell und das Melken beginnt. W\u00e4hrend des Melkens werden immer die Liegeboxen der K\u00fche aufgestreut und gereinigt. Au\u00dferdem werden unsere K\u00e4lber mit frischer Milch getr\u00e4nkt.<br \/>\n<\/br><br \/>\n<b>7:30 Uhr<\/b><br \/>\nSobald wir fertig mit dem Melken sind, folgt das Saubermachen des Karussells und der K\u00e4lbereimer.<br \/>\n<\/br><br \/>\n<b>8:30 Uhr<\/b><br \/>\nWir fr\u00fchst\u00fccken gemeinsam mit dem Team.<br \/>\n<\/br><br \/>\n<b>Ab 9:00 Uhr<\/b><br \/>\nNachdem Beenden der Arbeiten rund um das Melken mit anschlie\u00dfendem Saubermachen am Morgen und unserem Fr\u00fchst\u00fcck \u00f6ffnen sich bis in den Nachmittag drei neue Baustellen:<\/p>\n<p>Zum einen m\u00fcssen wir unsere K\u00fche mit frischem Futter versorgen. Das F\u00fcttern hat bei uns h\u00f6chste Priorit\u00e4t, denn eine ausgewogene, gleichm\u00e4\u00dfige und tiergerechte Ern\u00e4hrung ist eine der obersten Grundbedingungen zur Haltung gesunder K\u00fche.<\/p>\n<p>Das zweite gro\u00dfe Aufgabengebiet ist die sogenannten Tierkontrolle und Betreuung. Als erstes messen wir hierzu bei allen Tieren, die in den letzten zehn Tagen ein Kalb geboren haben, die Temperatur. Dies tun wir, weil die Gefahr einer Infektionskrankheit bis zum Schlie\u00dfen der Geb\u00e4rmutter am zehnten Tag am gr\u00f6\u00dften ist. So bekommen wir fr\u00fchestm\u00f6glich ein Signal von der Kuh, auf welches wir im Falle eines Falles schnell reagieren k\u00f6nnen. Eine weitere pr\u00e4ventive Ma\u00dfnahme ist der darauffolgende zweite Gang durch die komplette Herde zur Kontrolle der Tiergesundheit. Bei diesen Rundg\u00e4ngen, die sich um 12.30 Uhr, 16.00 Uhr und 19.00 wiederholen, wird auf folgende Dinge besonders geachtet:<\/p>\n<p>1. M\u00f6gliche Lahmheit von Tieren<br \/>\n2. M\u00f6gliche Brunst von Tieren (Anzeichen der Deckf\u00e4higkeit)<br \/>\n3. Wiederkauaktivit\u00e4t (Kontrolle einer tiergerechten F\u00fctterung)<br \/>\n4. M\u00f6gliche Unruhen im Stall<br \/>\n5. Das Stallklima (Wind, Hitze K\u00e4lte etc.)<br \/>\n6. Die Sauberkeit der Kuhtr\u00e4nken<\/p>\n<p>Unsere dritte Baustelle ist das t\u00e4gliche Einstreuen der Strohboxen f\u00fcr unsere K\u00fche und K\u00e4lber.<br \/>\n<\/br><\/p>\n<p><b>13:00 Uhr<\/b><br \/>\nWir unterbrechen unsere Arbeit f\u00fcr eine einst\u00fcndige Mittagspause und st\u00e4rken uns bei einem gemeinsamen Essen.<br \/>\n<\/br><\/p>\n<p><b>Ab 14:00 Uhr<\/b><br \/>\nWir nehmen unsere T\u00e4tigkeit vom Vormittag wieder auf und erledigen die noch offenen Aufgaben.<br \/>\n<\/br><\/p>\n<p><b>Ab 16:00 Uhr<\/b><br \/>\nWir machen eine kurze Kaffeepause, um nochmal Kraft f\u00fcr die zweite und letzte Melkrunde des Tages zu tanken.<br \/>\n<\/br><\/p>\n<p><b>Ab 16:30 Uhr<\/b><br \/>\nAm sp\u00e4ten Nachmittag bis in den Abend hinein beginnt dann die zweite Melkrunde.  Danach ist unser Tagewerk vollbracht und wir l\u00e4uten den Feierabend ein.<\/p>\n<p>Unser Tag ist in mehrere Schichten eingeteilt. Es arbeitet also nicht immer jeder Mitarbeiter von morgens bis abends auf dem Hof sondern wir wechseln uns regelm\u00e4\u00dfig ab. Eines der Familienmitglieder ist aber stets mit dabei, um die Arbeiten zu unterst\u00fctzen und zu koordinieren.<\/p>\n<p>Dieser exemplarische Arbeitstag zeigt in erster Linie die sich t\u00e4glich wiederholende Arbeiten.<br \/>\nDazu kommen, je nach Jahreszeit oder Bedarf:<\/p>\n<p>&#8211; Betreuung unserer Weidetiere im Sommer (Z\u00e4une machen, Wasser und Tiere fahren)<br \/>\n&#8211; Feld- und Wiesenarbeiten<br \/>\n&#8211; St\u00e4lle misten<br \/>\n&#8211; Liegeboxen einstreuen<br \/>\n&#8211; Tiere umstallen<br \/>\n&#8211; Reparaturarbeiten<br \/>\n&#8211; Wartungen (Traktoren Biogasanlage etc.)<br \/>\n&#8211; Reinigungsarbeiten<\/h5>\n<p><\/br><\/p>\n<h4><b>Ausbildung<\/b><\/h4>\n<h5>Seit dem Jahr 2003 ist der Antoniushof anerkannter Ausbildungsbetrieb f\u00fcr den Beruf des Landwirtes. Aufgrund der umfangreichen Ausbildung, der Vielseitigkeit und der unterschiedlichen Spezialisierung der einzelnen Betriebe ist es f\u00fcr Auszubildende oftmals spannend, auf mehreren Betrieben zu lernen, um sich ein umfassendes Bild machen zu k\u00f6nnen. Deshalb ist es in der Landwirtschaft \u00fcblich, dass die Ausbildung auf drei verschiedenen Betrieben hintereinander stattfindet. So kommt es, dass seit 2003 bereits \u00fcber 15 heutige Landwirte einen Teil ihrer Ausbildung auf dem Antoniushof absolviert haben.<\/p>\n<p>Zurzeit bieten wir j\u00e4hrlich zwei Ausbildungsstellen f\u00fcr den Beruf des Landwirtes an.<\/p>\n<p>Was erwartet einen Auszubildenden auf dem Antoniushof?<\/p>\n<p>&#8211; Eine vollst\u00e4ndige Integration in unseren Drei-Generationen-Hof<br \/>\n&#8211; Gemeinsames Fr\u00fchst\u00fccken und Mittagessen mit der Familie<br \/>\n&#8211; Ein moderner Milchviehbetrieb mit Ackerfutterbau<br \/>\n&#8211; Moderne Technik und Stallgeb\u00e4ude<br \/>\n&#8211; Eine Ausbildung, bei der das Wohl der Tiere im Mittelpunkt steht<br \/>\n&#8211; Herzliche Kollegen und ein harmonisches Miteinander<\/h5>\n<p><\/br><\/p>\n<h4><b>Festanstellungen<\/b><\/h4>\n<h5>Neben zwei in Vollzeit besch\u00e4ftigten Mitarbeitern arbeiten auch mehrere Teilzeitkr\u00e4fte am t\u00e4glichen Wohlergehen unseres Lebensmittelpunktes. Unser Teilzeitkr\u00e4fte-Team besteht nicht ausschlie\u00dflich aus Fachkr\u00e4ften aus der Landwirtschaft, sondern auch aus landwirtschaftlich Interessierten aus allen Bereichen.<\/p>\n<p>Durch unsere flexiblen und trotzdem planbaren Arbeitszeiten bieten wir insbesondere f\u00fcr Sch\u00fcler, Studenten, Berufst\u00e4tige oder auch Rentner, die eine gut bezahlte Nebent\u00e4tigkeit suchen und denen die Arbeit mit Tieren und Maschinen in der Natur genauso Freude bereitet wie uns, einen spannenden und abwechslungsreichen Arbeitsplatz.<\/h5>\n<p><\/br><\/br><br \/>\n<img decoding=\"async\" src=\"https:\/\/antoniushof-lorbach.de\/wp-content\/uploads\/2019\/03\/delivermessagepart.jpg\" \/><br \/>\nZur Startseite<\/p>\n<div class=\"responsive-video-container\">\n<blockquote class=\"wp-embedded-content\" data-secret=\"gPo9SZPEJS\"><p><a href=\"https:\/\/antoniushof-lorbach.de\/\">Homepage<\/a><\/p><\/blockquote>\n<p><iframe loading=\"lazy\" class=\"wp-embedded-content\" sandbox=\"allow-scripts\" security=\"restricted\" style=\"position: absolute; clip: rect(1px, 1px, 1px, 1px);\" title=\"&#8222;Homepage&#8220; &#8212; \" src=\"https:\/\/antoniushof-lorbach.de\/?embed=true#?secret=sfrqwiAUb8#?secret=gPo9SZPEJS\" data-secret=\"gPo9SZPEJS\" width=\"600\" height=\"338\" frameborder=\"0\" marginwidth=\"0\" marginheight=\"0\" scrolling=\"no\"><\/iframe><\/div>\n<p><!-- \/epsilon\/about --><\/p>\n","protected":false},"excerpt":{"rendered":"<p>Arbeiten auf dem Antoniushof Ein typischer Arbeitstag 4:30 Uhr Schon in der Fr\u00fch gehen bei uns die Lichter an. Der Tag beginnt und unsere K\u00fche wollen gemolken werden! Wir beginnen damit, das Melkkarussell vorzubereiten und zu kontrollieren, ob es allen K\u00fchen gut geht. Vielleicht haben wir ja sogar Nachwuchs bekommen? 5:00 Uhr Gleich darauf betritt [&hellip;]<\/p>\n","protected":false},"author":1,"featured_media":0,"parent":0,"menu_order":0,"comment_status":"closed","ping_status":"closed","template":"","meta":{"footnotes":""},"class_list":["post-510","page","type-page","status-publish","hentry"],"_links":{"self":[{"href":"https:\/\/antoniushof-lorbach.de\/index.php?rest_route=\/wp\/v2\/pages\/510","targetHints":{"allow":["GET"]}}],"collection":[{"href":"https:\/\/antoniushof-lorbach.de\/index.php?rest_route=\/wp\/v2\/pages"}],"about":[{"href":"https:\/\/antoniushof-lorbach.de\/index.php?rest_route=\/wp\/v2\/types\/page"}],"author":[{"embeddable":true,"href":"https:\/\/antoniushof-lorbach.de\/index.php?rest_route=\/wp\/v2\/users\/1"}],"replies":[{"embeddable":true,"href":"https:\/\/antoniushof-lorbach.de\/index.php?rest_route=%2Fwp%2Fv2%2Fcomments&post=510"}],"version-history":[{"count":16,"href":"https:\/\/antoniushof-lorbach.de\/index.php?rest_route=\/wp\/v2\/pages\/510\/revisions"}],"predecessor-version":[{"id":724,"href":"https:\/\/antoniushof-lorbach.de\/index.php?rest_route=\/wp\/v2\/pages\/510\/revisions\/724"}],"wp:attachment":[{"href":"https:\/\/antoniushof-lorbach.de\/index.php?rest_route=%2Fwp%2Fv2%2Fmedia&parent=510"}],"curies":[{"name":"wp","href":"https:\/\/api.w.org\/{rel}","templated":true}]}}