{"id":509,"date":"2019-07-15T21:21:50","date_gmt":"2019-07-15T21:21:50","guid":{"rendered":"https:\/\/antoniushof-lorbach.de\/?page_id=509"},"modified":"2022-10-24T16:26:54","modified_gmt":"2022-10-24T16:26:54","slug":"erneuerbare-energien","status":"publish","type":"page","link":"https:\/\/antoniushof-lorbach.de\/?page_id=509","title":{"rendered":"Erneuerbare Energien"},"content":{"rendered":"<p><!-- epsilon\/counters --><\/p>\n<h2><b>Erneuerbare Energien<\/b><\/h2>\n<p><!-- epsilon\/Counter Items --><br \/>\nPhotovoltaik<br \/>\n686000<br \/>\n<br \/>kw\/h pro Jahr<br \/>\nnormal<br \/>\n36<br \/>\n<!-- \/epsilon\/Counter Items--><br \/>\n<!-- epsilon\/Counter Items --><br \/>\nBiogas<br \/>\n650000<br \/>\n<br \/>kw\/h pro Jahr<br \/>\nnormal<br \/>\n36<br \/>\n<!-- \/epsilon\/Counter Items--><br \/>\n<!-- epsilon\/Counter Items --><br \/>\nWindenergie<br \/>\n6800000<br \/>\n<br \/>kw\/h pro Jahr<br \/>\nnormal<br \/>\n36<br \/>\n<!-- \/epsilon\/Counter Items--><br \/>\n<!-- \/epsilon\/counters --><\/p>\n<p><!-- epsilon\/about --><br \/>\n<img decoding=\"async\" src=\"https:\/\/antoniushof-lorbach.de\/wp-content\/uploads\/2019\/03\/20180718_202631.jpg\" \/><br \/>\nZur Startseite<\/p>\n<div class=\"responsive-video-container\">\n<blockquote class=\"wp-embedded-content\" data-secret=\"E2SHw99STu\"><p><a href=\"https:\/\/antoniushof-lorbach.de\/\">Homepage<\/a><\/p><\/blockquote>\n<p><iframe loading=\"lazy\" class=\"wp-embedded-content\" sandbox=\"allow-scripts\" security=\"restricted\" style=\"position: absolute; clip: rect(1px, 1px, 1px, 1px);\" title=\"&#8222;Homepage&#8220; &#8212; \" src=\"https:\/\/antoniushof-lorbach.de\/?embed=true#?secret=1yxb9sgClN#?secret=E2SHw99STu\" data-secret=\"E2SHw99STu\" width=\"600\" height=\"338\" frameborder=\"0\" marginwidth=\"0\" marginheight=\"0\" scrolling=\"no\"><\/iframe><\/div>\n<p><!-- \/epsilon\/about --><\/p>\n<p><!-- epsilon\/about --><\/p>\n<h2><b>Einsatz erneuerbarer Energie auf dem Antoniushof<\/b><\/h2>\n<h5>Das Thema erneuerbare Energien hat bei uns bereits eine lange Tradition.<\/p>\n<p>Im Jahr 2001 begannen wir mit zwei Windkraftanlagen mit einer Leistung von jeweils 1,5 Megawatt. Auf der Spitze des Pflugberges, ca. 500 Meter von unserem Hof entfernt, wird seither der erste in Lorbach produzierte gr\u00fcne Strom ins \u00f6ffentliche Netz eingespeist.<\/p>\n<p>Im Jahr 2009 gelang der Einstieg in die Produktion von Solarstrom. Auf den bis dahin ungenutzten Dachfl\u00e4chen der Stallgeb\u00e4ude wurde eine Solaranlage mit einer Leistung von 95 Kilowatt installiert.<\/p>\n<p>Seit 2017 produzieren wir zudem \u00d6kostrom direkt aus den t\u00e4glich anfallenden &#8222;Abfallprodukten&#8220; unseres Hofes. Wir haben eine Biogasanlage mit einer Leistung von 75 Kilowatt eingerichtet, die ausschlie\u00dflich mit den Ausscheidungen unserer K\u00fche betrieben wird. Diese Anlage f\u00fchrt unsere animalischen Abf\u00e4lle einer sinnvollen Verwertung zu und vervollst\u00e4ndigt damit unser modernes Betriebskonzept.<\/p>\n<p>F\u00fcr uns war und ist die Produktion von erneuerbarer Energie nicht nur ein Gesch\u00e4ftsfeld, sondern Ausdruck unserer \u00dcberzeugung &#8211; ressourcenschonend zu arbeiten und die zur Verf\u00fcgung stehenden Mittel zugleich m\u00f6glichst optimal auszusch\u00f6pfen.<\/h5>\n<p><\/br><br \/>\nZur Startseite<\/p>\n<div class=\"responsive-video-container\">\n<blockquote class=\"wp-embedded-content\" data-secret=\"E2SHw99STu\"><p><a href=\"https:\/\/antoniushof-lorbach.de\/\">Homepage<\/a><\/p><\/blockquote>\n<p><iframe loading=\"lazy\" class=\"wp-embedded-content\" sandbox=\"allow-scripts\" security=\"restricted\" style=\"position: absolute; clip: rect(1px, 1px, 1px, 1px);\" title=\"&#8222;Homepage&#8220; &#8212; \" src=\"https:\/\/antoniushof-lorbach.de\/?embed=true#?secret=1yxb9sgClN#?secret=E2SHw99STu\" data-secret=\"E2SHw99STu\" width=\"600\" height=\"338\" frameborder=\"0\" marginwidth=\"0\" marginheight=\"0\" scrolling=\"no\"><\/iframe><\/div>\n<p><!-- \/epsilon\/about --><\/p>\n","protected":false},"excerpt":{"rendered":"<p>Erneuerbare Energien Photovoltaik 686000 kw\/h pro Jahr normal 36 Biogas 650000 kw\/h pro Jahr normal 36 Windenergie 6800000 kw\/h pro Jahr normal 36 Zur Startseite Homepage Einsatz erneuerbarer Energie auf dem Antoniushof Das Thema erneuerbare Energien hat bei uns bereits eine lange Tradition. Im Jahr 2001 begannen wir mit zwei Windkraftanlagen mit einer Leistung von [&hellip;]<\/p>\n","protected":false},"author":1,"featured_media":0,"parent":0,"menu_order":0,"comment_status":"closed","ping_status":"closed","template":"","meta":{"footnotes":""},"class_list":["post-509","page","type-page","status-publish","hentry"],"_links":{"self":[{"href":"https:\/\/antoniushof-lorbach.de\/index.php?rest_route=\/wp\/v2\/pages\/509","targetHints":{"allow":["GET"]}}],"collection":[{"href":"https:\/\/antoniushof-lorbach.de\/index.php?rest_route=\/wp\/v2\/pages"}],"about":[{"href":"https:\/\/antoniushof-lorbach.de\/index.php?rest_route=\/wp\/v2\/types\/page"}],"author":[{"embeddable":true,"href":"https:\/\/antoniushof-lorbach.de\/index.php?rest_route=\/wp\/v2\/users\/1"}],"replies":[{"embeddable":true,"href":"https:\/\/antoniushof-lorbach.de\/index.php?rest_route=%2Fwp%2Fv2%2Fcomments&post=509"}],"version-history":[{"count":22,"href":"https:\/\/antoniushof-lorbach.de\/index.php?rest_route=\/wp\/v2\/pages\/509\/revisions"}],"predecessor-version":[{"id":728,"href":"https:\/\/antoniushof-lorbach.de\/index.php?rest_route=\/wp\/v2\/pages\/509\/revisions\/728"}],"wp:attachment":[{"href":"https:\/\/antoniushof-lorbach.de\/index.php?rest_route=%2Fwp%2Fv2%2Fmedia&parent=509"}],"curies":[{"name":"wp","href":"https:\/\/api.w.org\/{rel}","templated":true}]}}