{"id":508,"date":"2019-07-15T21:21:20","date_gmt":"2019-07-15T21:21:20","guid":{"rendered":"https:\/\/antoniushof-lorbach.de\/?page_id=508"},"modified":"2022-10-24T16:26:54","modified_gmt":"2022-10-24T16:26:54","slug":"veranstaltungen-aktionen","status":"publish","type":"page","link":"https:\/\/antoniushof-lorbach.de\/?page_id=508","title":{"rendered":"Veranstaltungen &#038; Aktionen"},"content":{"rendered":"<p><!-- epsilon\/about --><\/p>\n<h2><b>Veranstaltungen &#038; Aktionen<\/b><\/h2>\n<p><\/br><\/p>\n<h4><b>Unser offener Hof<\/b><\/h4>\n<h5>Unser Hof ist f\u00fcr jeden offen! Wir freuen uns immer \u00fcber Interesse an unserem Landwirtschaftsbetrieb und teilen unser Wissen und unsere Erfahrungen gerne mit jedem Interessierten. Ganz Besonders freuen wir uns aber \u00fcber das Interesse von Kindern (oder auch Erwachsenen), die bislang noch keine Erfahrungen mit der Landwirtschaft gesammelt haben.<\/h5>\n<p><\/br><\/p>\n<h4><b>Betriebsf\u00fchrungen f\u00fcr Kinder und Erwachsenen<\/b><\/h4>\n<h5>Uns ist bewusst, dass durch den anhaltenden Strukturwandel in landwirtschaftlichen Betrieben der Kontakt von vielen Familien zur Landwirtschaft immer geringer wird. Es ist uns daher ein besonderes Anliegen, diese verlorene Bindung und vor allem den damit einhergehenden R\u00fcckgang von Wissen \u00fcber und dem Verst\u00e4ndnis f\u00fcr die landwirtschaftliche Arbeit aufzuhalten. Deshalb bieten wir bereits seit mehreren Jahren Kinderg\u00e4rten, Schulen oder anderen interessierten Gruppen Besichtigungen unseres Hofes an. Nehmen Sie bei Interesse gerne Kontakt zu uns auf &#8211; wir freuen uns auf Ihren Besuch!<\/h5>\n<p><\/br><\/p>\n<h4><b>Veranstaltungen<\/b><\/h4>\n<h5>Gemeinsam mit der Dorfgemeinschaft Lorbach veranstalten wir zugunsten der Kinder aus Lorbach alle zwei Jahre ein Kinderfest. Beim Kinderfest steht nat\u00fcrlich der Spa\u00df am Spiel und Spielen im Vordergrund. Gleichzeitig bieten wir allen Besuchern &#8211; und vor allem den Kindern &#8211; einen f\u00fcr viele ersten Einblick in die Arbeit und das Leben auf dem Hof.<\/h5>\n<p><\/br><br \/>\n<img decoding=\"async\" src=\"https:\/\/antoniushof-lorbach.de\/wp-content\/uploads\/2019\/11\/20180818_141021-1-scaled.jpg\" \/><br \/>\nZur Startseite<\/p>\n<div class=\"responsive-video-container\">\n<blockquote class=\"wp-embedded-content\" data-secret=\"ueRIrC5EKP\"><p><a href=\"https:\/\/antoniushof-lorbach.de\/\">Homepage<\/a><\/p><\/blockquote>\n<p><iframe loading=\"lazy\" class=\"wp-embedded-content\" sandbox=\"allow-scripts\" security=\"restricted\" style=\"position: absolute; clip: rect(1px, 1px, 1px, 1px);\" title=\"&#8222;Homepage&#8220; &#8212; \" src=\"https:\/\/antoniushof-lorbach.de\/?embed=true#?secret=TLCFRep8yD#?secret=ueRIrC5EKP\" data-secret=\"ueRIrC5EKP\" width=\"600\" height=\"338\" frameborder=\"0\" marginwidth=\"0\" marginheight=\"0\" scrolling=\"no\"><\/iframe><\/div>\n<p><!-- \/epsilon\/about --><\/p>\n","protected":false},"excerpt":{"rendered":"<p>Veranstaltungen &#038; Aktionen Unser offener Hof Unser Hof ist f\u00fcr jeden offen! Wir freuen uns immer \u00fcber Interesse an unserem Landwirtschaftsbetrieb und teilen unser Wissen und unsere Erfahrungen gerne mit jedem Interessierten. Ganz Besonders freuen wir uns aber \u00fcber das Interesse von Kindern (oder auch Erwachsenen), die bislang noch keine Erfahrungen mit der Landwirtschaft gesammelt [&hellip;]<\/p>\n","protected":false},"author":1,"featured_media":0,"parent":0,"menu_order":0,"comment_status":"closed","ping_status":"closed","template":"","meta":{"footnotes":""},"class_list":["post-508","page","type-page","status-publish","hentry"],"_links":{"self":[{"href":"https:\/\/antoniushof-lorbach.de\/index.php?rest_route=\/wp\/v2\/pages\/508","targetHints":{"allow":["GET"]}}],"collection":[{"href":"https:\/\/antoniushof-lorbach.de\/index.php?rest_route=\/wp\/v2\/pages"}],"about":[{"href":"https:\/\/antoniushof-lorbach.de\/index.php?rest_route=\/wp\/v2\/types\/page"}],"author":[{"embeddable":true,"href":"https:\/\/antoniushof-lorbach.de\/index.php?rest_route=\/wp\/v2\/users\/1"}],"replies":[{"embeddable":true,"href":"https:\/\/antoniushof-lorbach.de\/index.php?rest_route=%2Fwp%2Fv2%2Fcomments&post=508"}],"version-history":[{"count":13,"href":"https:\/\/antoniushof-lorbach.de\/index.php?rest_route=\/wp\/v2\/pages\/508\/revisions"}],"predecessor-version":[{"id":714,"href":"https:\/\/antoniushof-lorbach.de\/index.php?rest_route=\/wp\/v2\/pages\/508\/revisions\/714"}],"wp:attachment":[{"href":"https:\/\/antoniushof-lorbach.de\/index.php?rest_route=%2Fwp%2Fv2%2Fmedia&parent=508"}],"curies":[{"name":"wp","href":"https:\/\/api.w.org\/{rel}","templated":true}]}}