{"id":479,"date":"2019-07-15T20:52:57","date_gmt":"2019-07-15T20:52:57","guid":{"rendered":"https:\/\/antoniushof-lorbach.de\/?page_id=479"},"modified":"2022-10-24T16:26:54","modified_gmt":"2022-10-24T16:26:54","slug":"kuehe-milch","status":"publish","type":"page","link":"https:\/\/antoniushof-lorbach.de\/?page_id=479","title":{"rendered":"K\u00fche &#038; Milch"},"content":{"rendered":"<p><!-- epsilon\/about --><\/p>\n<h2><b>Milch &#038; K\u00fche<\/b><\/h2>\n<h5>Der Antoniushof ist ein Drei-Generationen-Hof auf dem wir, die Familie Dahmen, gemeinsam mit unseren 420 launischen und zugleich liebevollen schwarz-wei\u00df gefleckten Familienmitgliedern leben. Gemeinsam schaffen wir es \u201eHand in Hand\u201c, \u201eKlaue in Klaue\u201c und nat\u00fcrlich auch \u201eKlaue in Hand\u201c jeden Tag circa 12.000 Liter bester gesunder Milch zu ermelken.<\/p>\n<p>Besonders Stolz macht es uns, dass wir unseren Familienmitgliedern ein Zuhause bieten k\u00f6nnen, das sie f\u00fcr keine W\u00fcnsche offen l\u00e4sst. Durch seine Lage am Fu\u00dfe des Pflugberges, der f\u00fcr seine permanenten Winde bekannt ist, ist eine gute Durchl\u00fcftung mit einem angenehmen Stallklima selbst im Sommer bei hohen Temperaturen gew\u00e4hrleistet. Bei den Planungen zum Neubau des Stalles stand f\u00fcr uns immer der Komfort f\u00fcr die Kuh im Mittelpunkt! Viel Platz zum liegen, fressen, laufen und toben wurde somit immer eingeplant. Sogar ein Sandkasten wurde geschaffen, um auch die Bed\u00fcrfnisse von unseren besonders aktiven Kolleginnen gerecht zu werden.<\/p>\n<p>Ganz besonders Stolz sind wir auch auf unseren gro\u00dfen und ger\u00e4umigen \u201eKreissaal\u201c, in dem wir unsere K\u00fchen in kleinen Gruppen die notwendige Ruhe bieten k\u00f6nnen, ihre kleinen Spr\u00f6sslinge auf die Welt zu bringen!<\/h5>\n<p><\/br><\/p>\n<p><img decoding=\"async\" src=\"https:\/\/antoniushof-lorbach.de\/wp-content\/uploads\/2019\/11\/Milch-und-K\u00fche-scaled.jpeg\" \/><br \/>\nZur Startseite<\/p>\n<div class=\"responsive-video-container\">\n<blockquote class=\"wp-embedded-content\" data-secret=\"AVSlz8OFWu\"><p><a href=\"https:\/\/antoniushof-lorbach.de\/\">Homepage<\/a><\/p><\/blockquote>\n<p><iframe loading=\"lazy\" class=\"wp-embedded-content\" sandbox=\"allow-scripts\" security=\"restricted\" style=\"position: absolute; clip: rect(1px, 1px, 1px, 1px);\" title=\"&#8222;Homepage&#8220; &#8212; \" src=\"https:\/\/antoniushof-lorbach.de\/?embed=true#?secret=SoAs3SVCN3#?secret=AVSlz8OFWu\" data-secret=\"AVSlz8OFWu\" width=\"600\" height=\"338\" frameborder=\"0\" marginwidth=\"0\" marginheight=\"0\" scrolling=\"no\"><\/iframe><\/div>\n<p><!-- \/epsilon\/about --><\/p>\n","protected":false},"excerpt":{"rendered":"<p>Milch &#038; K\u00fche Der Antoniushof ist ein Drei-Generationen-Hof auf dem wir, die Familie Dahmen, gemeinsam mit unseren 420 launischen und zugleich liebevollen schwarz-wei\u00df gefleckten Familienmitgliedern leben. Gemeinsam schaffen wir es \u201eHand in Hand\u201c, \u201eKlaue in Klaue\u201c und nat\u00fcrlich auch \u201eKlaue in Hand\u201c jeden Tag circa 12.000 Liter bester gesunder Milch zu ermelken. Besonders Stolz macht [&hellip;]<\/p>\n","protected":false},"author":1,"featured_media":0,"parent":0,"menu_order":0,"comment_status":"closed","ping_status":"closed","template":"","meta":{"footnotes":""},"class_list":["post-479","page","type-page","status-publish","hentry"],"_links":{"self":[{"href":"https:\/\/antoniushof-lorbach.de\/index.php?rest_route=\/wp\/v2\/pages\/479","targetHints":{"allow":["GET"]}}],"collection":[{"href":"https:\/\/antoniushof-lorbach.de\/index.php?rest_route=\/wp\/v2\/pages"}],"about":[{"href":"https:\/\/antoniushof-lorbach.de\/index.php?rest_route=\/wp\/v2\/types\/page"}],"author":[{"embeddable":true,"href":"https:\/\/antoniushof-lorbach.de\/index.php?rest_route=\/wp\/v2\/users\/1"}],"replies":[{"embeddable":true,"href":"https:\/\/antoniushof-lorbach.de\/index.php?rest_route=%2Fwp%2Fv2%2Fcomments&post=479"}],"version-history":[{"count":14,"href":"https:\/\/antoniushof-lorbach.de\/index.php?rest_route=\/wp\/v2\/pages\/479\/revisions"}],"predecessor-version":[{"id":720,"href":"https:\/\/antoniushof-lorbach.de\/index.php?rest_route=\/wp\/v2\/pages\/479\/revisions\/720"}],"wp:attachment":[{"href":"https:\/\/antoniushof-lorbach.de\/index.php?rest_route=%2Fwp%2Fv2%2Fmedia&parent=479"}],"curies":[{"name":"wp","href":"https:\/\/api.w.org\/{rel}","templated":true}]}}